{"id":16,"date":"2018-12-13T19:00:07","date_gmt":"2018-12-13T18:00:07","guid":{"rendered":"http:\/\/localhost\/blanka\/?page_id=16"},"modified":"2018-12-18T19:58:13","modified_gmt":"2018-12-18T18:58:13","slug":"kontakt","status":"publish","type":"page","link":"https:\/\/blankablanarova.sk\/index.php\/uvod\/kontakt\/","title":{"rendered":"Kontakt"},"content":{"rendered":"\n<p><strong>Blanka Blan\u00e1rov\u00e1,<\/strong><br><em>profesion\u00e1lna viz\u00e1\u017eistka \/ professional make up artist<\/em><br>E-mail: <a href=\"mailto:blanarovab@gmail.com\">blanarovab@gmail.com<\/a> <br>\nTel.: <a href=\"tel:+421905933343\">0905 933 343<\/a><\/p>\n","protected":false},"excerpt":{"rendered":"<p>Blanka Blan\u00e1rov\u00e1,profesion\u00e1lna viz\u00e1\u017eistka \/ professional make up artistE-mail: blanarovab@gmail.com Tel.: 0905 933 343<\/p>\n","protected":false},"author":1,"featured_media":35,"parent":5,"menu_order":6,"comment_status":"closed","ping_status":"closed","template":"","meta":{"footnotes":""},"class_list":["post-16","page","type-page","status-publish","has-post-thumbnail","hentry"],"_links":{"self":[{"href":"https:\/\/blankablanarova.sk\/index.php\/wp-json\/wp\/v2\/pages\/16","targetHints":{"allow":["GET"]}}],"collection":[{"href":"https:\/\/blankablanarova.sk\/index.php\/wp-json\/wp\/v2\/pages"}],"about":[{"href":"https:\/\/blankablanarova.sk\/index.php\/wp-json\/wp\/v2\/types\/page"}],"author":[{"embeddable":true,"href":"https:\/\/blankablanarova.sk\/index.php\/wp-json\/wp\/v2\/users\/1"}],"replies":[{"embeddable":true,"href":"https:\/\/blankablanarova.sk\/index.php\/wp-json\/wp\/v2\/comments?post=16"}],"version-history":[{"count":4,"href":"https:\/\/blankablanarova.sk\/index.php\/wp-json\/wp\/v2\/pages\/16\/revisions"}],"predecessor-version":[{"id":52,"href":"https:\/\/blankablanarova.sk\/index.php\/wp-json\/wp\/v2\/pages\/16\/revisions\/52"}],"up":[{"embeddable":true,"href":"https:\/\/blankablanarova.sk\/index.php\/wp-json\/wp\/v2\/pages\/5"}],"wp:featuredmedia":[{"embeddable":true,"href":"https:\/\/blankablanarova.sk\/index.php\/wp-json\/wp\/v2\/media\/35"}],"wp:attachment":[{"href":"https:\/\/blankablanarova.sk\/index.php\/wp-json\/wp\/v2\/media?parent=16"}],"curies":[{"name":"wp","href":"https:\/\/api.w.org\/{rel}","templated":true}]}}