{"id":14,"date":"2018-12-13T18:58:47","date_gmt":"2018-12-13T17:58:47","guid":{"rendered":"http:\/\/localhost\/blanka\/?page_id=14"},"modified":"2018-12-22T06:39:37","modified_gmt":"2018-12-22T05:39:37","slug":"cennik","status":"publish","type":"page","link":"https:\/\/blankablanarova.sk\/index.php\/uvod\/cennik\/","title":{"rendered":"Cenn\u00edk"},"content":{"rendered":"<table class=\"table table-striped\">\n<thead>\n<tr>\n<th class=\"text-center\" colspan=\"2\" style=\"background: rgb(247,229,163);\">L\u00ed\u010denie a \u00faprava vlasov<\/th>\n<\/tr>\n<\/thead>\n<tbody>\n<tr>\n<td>L\u00ed\u010denie ak\u00e9ko\u013evek (denn\u00e9, ve\u010dern\u00e9, spolo\u010densk\u00e9)<\/td>\n<td>90\u20ac<\/td>\n<\/tr>\n<tr>\n<td>\u00daprava vlasov<\/td>\n<td>90\u20ac<\/td>\n<\/tr>\n<tr>\n<td>L\u00ed\u010denie &amp; \u00faprava vlasov<\/td>\n<td>150\u20ac<\/td>\n<\/tr>\n<\/tbody>\n<thead>\n<tr>\n<th class=\"text-center\" colspan=\"2\" style=\"background: rgb(247,229,163);\">Svadba<\/th>\n<\/tr>\n<\/thead>\n<tbody>\n<tr>\n<td>L\u00ed\u010denie<\/td>\n<td>90\u20ac<\/td>\n<\/tr>\n<tr>\n<td>\u00daprava vlasov<\/td>\n<td>90\u20ac<\/td>\n<\/tr>\n<tr>\n<td>L\u00ed\u010denie &amp; \u00faprava vlasov<\/td>\n<td>150\u20ac<\/td>\n<\/tr>\n<tr>\n<td>Sk\u00fa\u0161ka l\u00ed\u010denia nevesty<\/td>\n<td>70\u20ac<\/td>\n<\/tr>\n<tr>\n<td>Sk\u00fa\u0161ka \u00fapravy vlasov<\/td>\n<td>70\u20ac<\/td>\n<\/tr>\n<tr>\n<td>Sk\u00fa\u0161ka l\u00ed\u010denie + vlasy<\/td>\n<td>120\u20ac<\/td>\n<\/tr>\n<tr>\n<td>(Konzult\u00e1cia pred svadbou (bez realiz\u00e1cie)<\/td>\n<td>40\u20ac<\/td>\n<\/tr>\n<\/tbody>\n<\/table>\n","protected":false},"excerpt":{"rendered":"<p>L\u00ed\u010denie a \u00faprava vlasov L\u00ed\u010denie ak\u00e9ko\u013evek (denn\u00e9, ve\u010dern\u00e9, spolo\u010densk\u00e9) 90\u20ac \u00daprava vlasov 90\u20ac L\u00ed\u010denie &amp; \u00faprava vlasov 150\u20ac Svadba L\u00ed\u010denie 90\u20ac \u00daprava vlasov 90\u20ac L\u00ed\u010denie &amp; \u00faprava vlasov 150\u20ac Sk\u00fa\u0161ka l\u00ed\u010denia nevesty 70\u20ac Sk\u00fa\u0161ka \u00fapravy vlasov 70\u20ac Sk\u00fa\u0161ka l\u00ed\u010denie + vlasy 120\u20ac (Konzult\u00e1cia pred svadbou (bez realiz\u00e1cie) 40\u20ac<\/p>\n","protected":false},"author":1,"featured_media":34,"parent":5,"menu_order":5,"comment_status":"closed","ping_status":"closed","template":"","meta":{"footnotes":""},"class_list":["post-14","page","type-page","status-publish","has-post-thumbnail","hentry"],"_links":{"self":[{"href":"https:\/\/blankablanarova.sk\/index.php\/wp-json\/wp\/v2\/pages\/14","targetHints":{"allow":["GET"]}}],"collection":[{"href":"https:\/\/blankablanarova.sk\/index.php\/wp-json\/wp\/v2\/pages"}],"about":[{"href":"https:\/\/blankablanarova.sk\/index.php\/wp-json\/wp\/v2\/types\/page"}],"author":[{"embeddable":true,"href":"https:\/\/blankablanarova.sk\/index.php\/wp-json\/wp\/v2\/users\/1"}],"replies":[{"embeddable":true,"href":"https:\/\/blankablanarova.sk\/index.php\/wp-json\/wp\/v2\/comments?post=14"}],"version-history":[{"count":8,"href":"https:\/\/blankablanarova.sk\/index.php\/wp-json\/wp\/v2\/pages\/14\/revisions"}],"predecessor-version":[{"id":83,"href":"https:\/\/blankablanarova.sk\/index.php\/wp-json\/wp\/v2\/pages\/14\/revisions\/83"}],"up":[{"embeddable":true,"href":"https:\/\/blankablanarova.sk\/index.php\/wp-json\/wp\/v2\/pages\/5"}],"wp:featuredmedia":[{"embeddable":true,"href":"https:\/\/blankablanarova.sk\/index.php\/wp-json\/wp\/v2\/media\/34"}],"wp:attachment":[{"href":"https:\/\/blankablanarova.sk\/index.php\/wp-json\/wp\/v2\/media?parent=14"}],"curies":[{"name":"wp","href":"https:\/\/api.w.org\/{rel}","templated":true}]}}