{"id":139,"date":"2019-01-02T16:03:26","date_gmt":"2019-01-02T15:03:26","guid":{"rendered":"http:\/\/localhost\/blanka\/?page_id=139"},"modified":"2023-01-08T12:18:25","modified_gmt":"2023-01-08T11:18:25","slug":"videa-z-licenia","status":"publish","type":"page","link":"https:\/\/blankablanarova.sk\/index.php\/videa-z-licenia\/","title":{"rendered":"Vide\u00e1 z l\u00ed\u010denia"},"content":{"rendered":"<div class=\"text-center\">\n<h2>L\u00ed\u010denie tv\u00e1re<\/h2>\n<p><iframe loading=\"lazy\" src=\"https:\/\/www.youtube.com\/embed\/LI8liI90YHA?rel=0\" width=\"640\" height=\"360\" frameborder=\"0\"><\/iframe><\/p>\n<h2>O\u010di<\/h2>\n<p><iframe loading=\"lazy\" src=\"https:\/\/www.youtube.com\/embed\/d4L3Flwv6ug?rel=0\" width=\"640\" height=\"360\" frameborder=\"0\"><\/iframe><\/p>\n<h2>\u00daprava obo\u010dia<\/h2>\n<p><iframe loading=\"lazy\" src=\"https:\/\/www.youtube.com\/embed\/zaEhJ2-XFwU\" width=\"640\" height=\"360\" frameborder=\"0\"><\/iframe><\/p>\n<h2>Pery<\/h2>\n<p><iframe loading=\"lazy\" src=\"https:\/\/www.youtube.com\/embed\/AGt8pkJ9fJE?rel=0\" width=\"640\" height=\"360\" frameborder=\"0\"><span data-mce-type=\"bookmark\" style=\"display: inline-block; width: 0px; overflow: hidden; line-height: 0;\" class=\"mce_SELRES_start\">\ufeff<\/span><\/iframe><\/p>\n<h2>Vyplnenie u\u017e\u0161\u00edch per\u00ed<\/h2>\n<p><iframe loading=\"lazy\" src=\"https:\/\/www.youtube.com\/embed\/1tHKHxlPXCk\" width=\"640\" height=\"360\" frameborder=\"0\"><\/iframe><\/p>\n<\/div>\n","protected":false},"excerpt":{"rendered":"<p>L\u00ed\u010denie tv\u00e1re O\u010di \u00daprava obo\u010dia Pery \ufeff Vyplnenie u\u017e\u0161\u00edch per\u00ed<\/p>\n","protected":false},"author":1,"featured_media":0,"parent":0,"menu_order":0,"comment_status":"closed","ping_status":"closed","template":"","meta":{"footnotes":""},"class_list":["post-139","page","type-page","status-publish","hentry"],"_links":{"self":[{"href":"https:\/\/blankablanarova.sk\/index.php\/wp-json\/wp\/v2\/pages\/139","targetHints":{"allow":["GET"]}}],"collection":[{"href":"https:\/\/blankablanarova.sk\/index.php\/wp-json\/wp\/v2\/pages"}],"about":[{"href":"https:\/\/blankablanarova.sk\/index.php\/wp-json\/wp\/v2\/types\/page"}],"author":[{"embeddable":true,"href":"https:\/\/blankablanarova.sk\/index.php\/wp-json\/wp\/v2\/users\/1"}],"replies":[{"embeddable":true,"href":"https:\/\/blankablanarova.sk\/index.php\/wp-json\/wp\/v2\/comments?post=139"}],"version-history":[{"count":5,"href":"https:\/\/blankablanarova.sk\/index.php\/wp-json\/wp\/v2\/pages\/139\/revisions"}],"predecessor-version":[{"id":149,"href":"https:\/\/blankablanarova.sk\/index.php\/wp-json\/wp\/v2\/pages\/139\/revisions\/149"}],"wp:attachment":[{"href":"https:\/\/blankablanarova.sk\/index.php\/wp-json\/wp\/v2\/media?parent=139"}],"curies":[{"name":"wp","href":"https:\/\/api.w.org\/{rel}","templated":true}]}}