{"id":12,"date":"2018-12-13T18:58:07","date_gmt":"2018-12-13T17:58:07","guid":{"rendered":"http:\/\/localhost\/blanka\/?page_id=12"},"modified":"2018-12-22T06:37:03","modified_gmt":"2018-12-22T05:37:03","slug":"svadobne-licenie","status":"publish","type":"page","link":"https:\/\/blankablanarova.sk\/index.php\/uvod\/svadobne-licenie\/","title":{"rendered":"Svadobn\u00e9 l\u00ed\u010denie"},"content":{"rendered":"\r\n<p>Aj pre tento jedin\u00fd, nezabudnute\u013en\u00fd okamih v \u017eivote v\u00e1s mil\u00e9 d\u00e1my skr\u00e1\u0161lim pod\u013ea va\u0161ich predst\u00e1v, aby ste sa c\u00edtili v\u00fdnimo\u010dne.<\/p>\r\n<!-- Rendered by FancyBox without labels BEGIN -->\n\n\t<style type=\"text\/css\">\n\t\t\t\t\t.gallery {\n\t\t\t\t\t\tposition:relative;\n\t\t\t\t\t\tmargin:0 auto;\n\t\t\t\t\t\tmax-width:700px;\n\t\t\t\t\t\t\/*\n\t\t\t\t\t\twidth: calc(100% - 5px);\n\t\t\t\t\t\t*\/\n\t\t\t\t\t}\n\t\t\t\t\t.gallery-item a:hover {\n\t\t\t\t\t\topacity:0.935;\n\t\t\t\t\t}\n\t\t\t\t\t#gallery-0 .gallery-item {\n\t\t\t\t\t\tfloat: left;\n\t\t\t\t\t\ttext-align: center;\n\t\t\t\t\t\twidth: 33.3333333333%;\n\t\t\t\t\t\tpadding:5px;\n\t\t\t\t\t\tbox-sizing: border-box;\n\t\t\t\t\t}\n\t\t\t\t\t#gallery-0 .gallery-item.expand {\n\t\t\t\t\t\tdisplay:none;\n\t\t\t\t\t}\n\t\t\t\t\t#gallery-0 img {\n\t\t\t\t\t\twidth:100%;\n\t\t\t\t\t}\n\t\t\t\t\t#gallery-0 .desc {\n\t\t\t\t\t\tdisplay:none;\n\t\t\t\t\t}\n\t\t\t\t\t.gallery-button {\n\t\t\t\t\t\tpadding:15px;\n\t\t\t\t\t\ttext-align:center;\n\t\t\t\t\t}\n\t\t\t\t\t.gallery-button {\n\t\t\t\t\t}\n\n\t<\/style>\n<script type=\"text\/javascript\">\n$(document).ready(function() {\n\t\/*\n\t *  Simple image gallery. Uses default settings\n\t *\/\n\t $(\"#show-0\").click(function() {\n\t    $(\"#gallery-0 .expand\").show();\n\t\t$(this).hide();\n\t\tif (window.innerHeight > window.innerWidth) {\n\t\t\t$(\".gallery-item\").addClass(\"fw\");\n\t\t}\n\t});\n\n\t$(\".fancybox\").fancybox({\n\t\t\"transitionIn\"\t\t: \"none\",\n\t\t\"transitionOut\"\t\t: \"none\",\n\t\t\"titlePosition\" \t: \"over\"\n\n\t});\n});\n<\/script>\n\n\t<div id=\"austro-gallery\"><div id=\"gallery-0\" class=\"gallery galleryid-0 gallery-size-thumbnail\" style=\"\"><div class=\"gallery-item\"><div class=\"gallery-icon\">\n\t\t<a class=\"fancybox\" href=\"https:\/\/blankablanarova.sk\/wp-content\/uploads\/2018\/12\/uprava-vlasov-2015_3.jpg\" rel=\"gallery-0\"><img loading=\"lazy\" decoding=\"async\" width=\"150\" height=\"150\" class=\"attachment-thumbnail\" alt=\"\" src=\"https:\/\/blankablanarova.sk\/wp-content\/uploads\/2018\/12\/uprava-vlasov-2015_3-150x150.jpg\" \/><\/a><\/div><\/div><div class=\"gallery-item\"><div class=\"gallery-icon\">\n\t\t<a class=\"fancybox\" href=\"https:\/\/blankablanarova.sk\/wp-content\/uploads\/2018\/12\/541a0b8c-912a-4def-9f28-59b5eceaafbc.jpg\" rel=\"gallery-0\"><img loading=\"lazy\" decoding=\"async\" width=\"150\" height=\"150\" class=\"attachment-thumbnail\" alt=\"\" src=\"https:\/\/blankablanarova.sk\/wp-content\/uploads\/2018\/12\/541a0b8c-912a-4def-9f28-59b5eceaafbc-150x150.jpg\" \/><\/a><\/div><\/div><div class=\"gallery-item\"><div class=\"gallery-icon\">\n\t\t<a class=\"fancybox\" href=\"https:\/\/blankablanarova.sk\/wp-content\/uploads\/2018\/12\/e75f0000-7c25-4689-8c6b-e5ce0ad71fc1.png\" rel=\"gallery-0\"><img loading=\"lazy\" decoding=\"async\" width=\"150\" height=\"150\" class=\"attachment-thumbnail\" alt=\"\" src=\"https:\/\/blankablanarova.sk\/wp-content\/uploads\/2018\/12\/e75f0000-7c25-4689-8c6b-e5ce0ad71fc1-150x150.png\" \/><\/a><\/div><\/div><\/div><br clear=\"all\" \/><\/div><!-- Rendered by FancyBox without labels END -->\n\r\n","protected":false},"excerpt":{"rendered":"<p>Aj pre tento jedin\u00fd, nezabudnute\u013en\u00fd okamih v \u017eivote v\u00e1s mil\u00e9 d\u00e1my skr\u00e1\u0161lim pod\u013ea va\u0161ich predst\u00e1v, aby ste sa c\u00edtili v\u00fdnimo\u010dne.<\/p>\n","protected":false},"author":1,"featured_media":37,"parent":5,"menu_order":3,"comment_status":"closed","ping_status":"closed","template":"","meta":{"footnotes":""},"class_list":["post-12","page","type-page","status-publish","has-post-thumbnail","hentry"],"_links":{"self":[{"href":"https:\/\/blankablanarova.sk\/index.php\/wp-json\/wp\/v2\/pages\/12","targetHints":{"allow":["GET"]}}],"collection":[{"href":"https:\/\/blankablanarova.sk\/index.php\/wp-json\/wp\/v2\/pages"}],"about":[{"href":"https:\/\/blankablanarova.sk\/index.php\/wp-json\/wp\/v2\/types\/page"}],"author":[{"embeddable":true,"href":"https:\/\/blankablanarova.sk\/index.php\/wp-json\/wp\/v2\/users\/1"}],"replies":[{"embeddable":true,"href":"https:\/\/blankablanarova.sk\/index.php\/wp-json\/wp\/v2\/comments?post=12"}],"version-history":[{"count":2,"href":"https:\/\/blankablanarova.sk\/index.php\/wp-json\/wp\/v2\/pages\/12\/revisions"}],"predecessor-version":[{"id":81,"href":"https:\/\/blankablanarova.sk\/index.php\/wp-json\/wp\/v2\/pages\/12\/revisions\/81"}],"up":[{"embeddable":true,"href":"https:\/\/blankablanarova.sk\/index.php\/wp-json\/wp\/v2\/pages\/5"}],"wp:featuredmedia":[{"embeddable":true,"href":"https:\/\/blankablanarova.sk\/index.php\/wp-json\/wp\/v2\/media\/37"}],"wp:attachment":[{"href":"https:\/\/blankablanarova.sk\/index.php\/wp-json\/wp\/v2\/media?parent=12"}],"curies":[{"name":"wp","href":"https:\/\/api.w.org\/{rel}","templated":true}]}}