{"id":10,"date":"2018-12-13T18:57:31","date_gmt":"2018-12-13T17:57:31","guid":{"rendered":"http:\/\/localhost\/blanka\/?page_id=10"},"modified":"2018-12-19T19:35:02","modified_gmt":"2018-12-19T18:35:02","slug":"uprava-vlasov","status":"publish","type":"page","link":"https:\/\/blankablanarova.sk\/index.php\/uvod\/uprava-vlasov\/","title":{"rendered":"\u00daprava vlasov"},"content":{"rendered":"\r\n<p>K dokonal\u00e9mu make &#8211; upu patr\u00ed aj rovnako dokonal\u00fd \u00fa\u010des. Pon\u00fakam \u00fapravu vlasov, na r\u00f4zne pr\u00edle\u017eitosti.<\/p>\r\n\r\n\r\n\r\n<p>Dok\u00e1\u017eem V\u00e1m upravi\u0165 vlasy presne pod\u013ea Va\u0161ich po\u017eiadaviek alebo poradi\u0165 mo\u017en\u00e9 \u00fapravy vlasov, z ktor\u00fdch si vyberiete.<\/p>\r\n<!-- Rendered by FancyBox without labels BEGIN -->\n\n\t<style type=\"text\/css\">\n\t\t\t\t\t.gallery {\n\t\t\t\t\t\tposition:relative;\n\t\t\t\t\t\tmargin:0 auto;\n\t\t\t\t\t\tmax-width:700px;\n\t\t\t\t\t\t\/*\n\t\t\t\t\t\twidth: calc(100% - 5px);\n\t\t\t\t\t\t*\/\n\t\t\t\t\t}\n\t\t\t\t\t.gallery-item a:hover {\n\t\t\t\t\t\topacity:0.935;\n\t\t\t\t\t}\n\t\t\t\t\t#gallery-0 .gallery-item {\n\t\t\t\t\t\tfloat: left;\n\t\t\t\t\t\ttext-align: center;\n\t\t\t\t\t\twidth: 33.3333333333%;\n\t\t\t\t\t\tpadding:5px;\n\t\t\t\t\t\tbox-sizing: border-box;\n\t\t\t\t\t}\n\t\t\t\t\t#gallery-0 .gallery-item.expand {\n\t\t\t\t\t\tdisplay:none;\n\t\t\t\t\t}\n\t\t\t\t\t#gallery-0 img {\n\t\t\t\t\t\twidth:100%;\n\t\t\t\t\t}\n\t\t\t\t\t#gallery-0 .desc {\n\t\t\t\t\t\tdisplay:none;\n\t\t\t\t\t}\n\t\t\t\t\t.gallery-button {\n\t\t\t\t\t\tpadding:15px;\n\t\t\t\t\t\ttext-align:center;\n\t\t\t\t\t}\n\t\t\t\t\t.gallery-button {\n\t\t\t\t\t}\n\n\t<\/style>\n<script type=\"text\/javascript\">\n$(document).ready(function() {\n\t\/*\n\t *  Simple image gallery. Uses default settings\n\t *\/\n\t $(\"#show-0\").click(function() {\n\t    $(\"#gallery-0 .expand\").show();\n\t\t$(this).hide();\n\t\tif (window.innerHeight > window.innerWidth) {\n\t\t\t$(\".gallery-item\").addClass(\"fw\");\n\t\t}\n\t});\n\n\t$(\".fancybox\").fancybox({\n\t\t\"transitionIn\"\t\t: \"none\",\n\t\t\"transitionOut\"\t\t: \"none\",\n\t\t\"titlePosition\" \t: \"over\"\n\n\t});\n});\n<\/script>\n\n\t<div id=\"austro-gallery\"><div id=\"gallery-0\" class=\"gallery galleryid-0 gallery-size-thumbnail\" style=\"\"><div class=\"gallery-item\"><div class=\"gallery-icon\">\n\t\t<a class=\"fancybox\" href=\"https:\/\/blankablanarova.sk\/wp-content\/uploads\/2018\/12\/uprava-vlasov_oktober-15-2.jpg\" rel=\"gallery-0\"><img loading=\"lazy\" decoding=\"async\" width=\"150\" height=\"150\" class=\"attachment-thumbnail\" alt=\"\" src=\"https:\/\/blankablanarova.sk\/wp-content\/uploads\/2018\/12\/uprava-vlasov_oktober-15-2-150x150.jpg\" \/><\/a><\/div><\/div><div class=\"gallery-item\"><div class=\"gallery-icon\">\n\t\t<a class=\"fancybox\" href=\"https:\/\/blankablanarova.sk\/wp-content\/uploads\/2018\/12\/uprava-vlasov-2015_2.jpg\" rel=\"gallery-0\"><img loading=\"lazy\" decoding=\"async\" width=\"150\" height=\"150\" class=\"attachment-thumbnail\" alt=\"\" src=\"https:\/\/blankablanarova.sk\/wp-content\/uploads\/2018\/12\/uprava-vlasov-2015_2-150x150.jpg\" \/><\/a><\/div><\/div><div class=\"gallery-item\"><div class=\"gallery-icon\">\n\t\t<a class=\"fancybox\" href=\"https:\/\/blankablanarova.sk\/wp-content\/uploads\/2018\/12\/uprava-vlasov_oktober-15-1.jpg\" rel=\"gallery-0\"><img loading=\"lazy\" decoding=\"async\" width=\"150\" height=\"150\" class=\"attachment-thumbnail\" alt=\"\" src=\"https:\/\/blankablanarova.sk\/wp-content\/uploads\/2018\/12\/uprava-vlasov_oktober-15-1-150x150.jpg\" \/><\/a><\/div><\/div><div class=\"gallery-item expand\"><div class=\"gallery-icon\">\n\t\t<a class=\"fancybox\" href=\"https:\/\/blankablanarova.sk\/wp-content\/uploads\/2018\/12\/uprava-vlasov_2.jpg\" rel=\"gallery-0\"><img loading=\"lazy\" decoding=\"async\" width=\"150\" height=\"150\" class=\"attachment-thumbnail\" alt=\"\" src=\"https:\/\/blankablanarova.sk\/wp-content\/uploads\/2018\/12\/uprava-vlasov_2-150x150.jpg\" \/><\/a><\/div><\/div><div class=\"gallery-item expand\"><div class=\"gallery-icon\">\n\t\t<a class=\"fancybox\" href=\"https:\/\/blankablanarova.sk\/wp-content\/uploads\/2018\/12\/uprava-vlasov_3.jpg\" rel=\"gallery-0\"><img loading=\"lazy\" decoding=\"async\" width=\"150\" height=\"150\" class=\"attachment-thumbnail\" alt=\"\" src=\"https:\/\/blankablanarova.sk\/wp-content\/uploads\/2018\/12\/uprava-vlasov_3-150x150.jpg\" \/><\/a><\/div><\/div><div class=\"gallery-item expand\"><div class=\"gallery-icon\">\n\t\t<a class=\"fancybox\" href=\"https:\/\/blankablanarova.sk\/wp-content\/uploads\/2018\/12\/uprava-vlasov-2015_1.jpg\" rel=\"gallery-0\"><img loading=\"lazy\" decoding=\"async\" width=\"150\" height=\"150\" class=\"attachment-thumbnail\" alt=\"\" src=\"https:\/\/blankablanarova.sk\/wp-content\/uploads\/2018\/12\/uprava-vlasov-2015_1-150x150.jpg\" \/><\/a><\/div><\/div><div class=\"gallery-item expand\"><div class=\"gallery-icon\">\n\t\t<a class=\"fancybox\" href=\"https:\/\/blankablanarova.sk\/wp-content\/uploads\/2018\/12\/photo.jpg\" rel=\"gallery-0\"><img loading=\"lazy\" decoding=\"async\" width=\"150\" height=\"150\" class=\"attachment-thumbnail\" alt=\"\" src=\"https:\/\/blankablanarova.sk\/wp-content\/uploads\/2018\/12\/photo-150x150.jpg\" \/><\/a><\/div><\/div><div class=\"gallery-item expand\"><div class=\"gallery-icon\">\n\t\t<a class=\"fancybox\" href=\"https:\/\/blankablanarova.sk\/wp-content\/uploads\/2018\/12\/photo-1.jpg\" rel=\"gallery-0\"><img loading=\"lazy\" decoding=\"async\" width=\"150\" height=\"150\" class=\"attachment-thumbnail\" alt=\"\" src=\"https:\/\/blankablanarova.sk\/wp-content\/uploads\/2018\/12\/photo-1-150x150.jpg\" \/><\/a><\/div><\/div><div class=\"gallery-item expand\"><div class=\"gallery-icon\">\n\t\t<a class=\"fancybox\" href=\"https:\/\/blankablanarova.sk\/wp-content\/uploads\/2018\/12\/uprava-vlasov_1.jpg\" rel=\"gallery-0\"><img loading=\"lazy\" decoding=\"async\" width=\"150\" height=\"150\" class=\"attachment-thumbnail\" alt=\"\" src=\"https:\/\/blankablanarova.sk\/wp-content\/uploads\/2018\/12\/uprava-vlasov_1-150x150.jpg\" \/><\/a><\/div><\/div><div class=\"gallery-item expand\"><div class=\"gallery-icon\">\n\t\t<a class=\"fancybox\" href=\"https:\/\/blankablanarova.sk\/wp-content\/uploads\/2018\/12\/IMG_8688.jpg\" rel=\"gallery-0\"><img loading=\"lazy\" decoding=\"async\" width=\"150\" height=\"150\" class=\"attachment-thumbnail\" alt=\"\" src=\"https:\/\/blankablanarova.sk\/wp-content\/uploads\/2018\/12\/IMG_8688-150x150.jpg\" \/><\/a><\/div><\/div><div class=\"gallery-item expand\"><div class=\"gallery-icon\">\n\t\t<a class=\"fancybox\" href=\"https:\/\/blankablanarova.sk\/wp-content\/uploads\/2018\/12\/IMG_8826.jpg\" rel=\"gallery-0\"><img loading=\"lazy\" decoding=\"async\" width=\"150\" height=\"150\" class=\"attachment-thumbnail\" alt=\"\" src=\"https:\/\/blankablanarova.sk\/wp-content\/uploads\/2018\/12\/IMG_8826-150x150.jpg\" \/><\/a><\/div><\/div><div class=\"gallery-item expand\"><div class=\"gallery-icon\">\n\t\t<a class=\"fancybox\" href=\"https:\/\/blankablanarova.sk\/wp-content\/uploads\/2018\/12\/durianova01.jpg\" rel=\"gallery-0\"><img loading=\"lazy\" decoding=\"async\" width=\"150\" height=\"150\" class=\"attachment-thumbnail\" alt=\"\" src=\"https:\/\/blankablanarova.sk\/wp-content\/uploads\/2018\/12\/durianova01-150x150.jpg\" \/><\/a><\/div><\/div><div class=\"gallery-item expand\"><div class=\"gallery-icon\">\n\t\t<a class=\"fancybox\" href=\"https:\/\/blankablanarova.sk\/wp-content\/uploads\/2018\/12\/2014-uprava-vlasov-make-up-1.jpg\" rel=\"gallery-0\"><img loading=\"lazy\" decoding=\"async\" width=\"150\" height=\"150\" class=\"attachment-thumbnail\" alt=\"\" src=\"https:\/\/blankablanarova.sk\/wp-content\/uploads\/2018\/12\/2014-uprava-vlasov-make-up-1-150x150.jpg\" \/><\/a><\/div><\/div><div class=\"gallery-item expand\"><div class=\"gallery-icon\">\n\t\t<a class=\"fancybox\" href=\"https:\/\/blankablanarova.sk\/wp-content\/uploads\/2018\/12\/2014-uprava-vlasov-make-up-2.jpg\" rel=\"gallery-0\"><img loading=\"lazy\" decoding=\"async\" width=\"150\" height=\"150\" class=\"attachment-thumbnail\" alt=\"\" src=\"https:\/\/blankablanarova.sk\/wp-content\/uploads\/2018\/12\/2014-uprava-vlasov-make-up-2-150x150.jpg\" \/><\/a><\/div><\/div><div class=\"gallery-item expand\"><div class=\"gallery-icon\">\n\t\t<a class=\"fancybox\" href=\"https:\/\/blankablanarova.sk\/wp-content\/uploads\/2018\/12\/b31cf03d-4d1a-4492-a2e2-083fbd2511fc.jpg\" rel=\"gallery-0\"><img loading=\"lazy\" decoding=\"async\" width=\"150\" height=\"150\" class=\"attachment-thumbnail\" alt=\"\" src=\"https:\/\/blankablanarova.sk\/wp-content\/uploads\/2018\/12\/b31cf03d-4d1a-4492-a2e2-083fbd2511fc-150x150.jpg\" \/><\/a><\/div><\/div><\/div><br clear=\"all\" \/><div class=\"gallery-button\"><button id=\"show-0\" class=\"btn button\"><strong>Zobrazi\u0165 v\u0161etko<\/strong> (12 \u010fa\u013e\u0161\u00edch)<\/button><\/div><\/div><!-- Rendered by FancyBox without labels END -->\n\r\n","protected":false},"excerpt":{"rendered":"<p>K dokonal\u00e9mu make &#8211; upu patr\u00ed aj rovnako dokonal\u00fd \u00fa\u010des. Pon\u00fakam \u00fapravu vlasov, na r\u00f4zne pr\u00edle\u017eitosti. Dok\u00e1\u017eem V\u00e1m upravi\u0165 vlasy presne pod\u013ea Va\u0161ich po\u017eiadaviek alebo poradi\u0165 mo\u017en\u00e9 \u00fapravy vlasov, z ktor\u00fdch si vyberiete.<\/p>\n","protected":false},"author":1,"featured_media":38,"parent":5,"menu_order":2,"comment_status":"closed","ping_status":"closed","template":"","meta":{"footnotes":""},"class_list":["post-10","page","type-page","status-publish","has-post-thumbnail","hentry"],"_links":{"self":[{"href":"https:\/\/blankablanarova.sk\/index.php\/wp-json\/wp\/v2\/pages\/10","targetHints":{"allow":["GET"]}}],"collection":[{"href":"https:\/\/blankablanarova.sk\/index.php\/wp-json\/wp\/v2\/pages"}],"about":[{"href":"https:\/\/blankablanarova.sk\/index.php\/wp-json\/wp\/v2\/types\/page"}],"author":[{"embeddable":true,"href":"https:\/\/blankablanarova.sk\/index.php\/wp-json\/wp\/v2\/users\/1"}],"replies":[{"embeddable":true,"href":"https:\/\/blankablanarova.sk\/index.php\/wp-json\/wp\/v2\/comments?post=10"}],"version-history":[{"count":5,"href":"https:\/\/blankablanarova.sk\/index.php\/wp-json\/wp\/v2\/pages\/10\/revisions"}],"predecessor-version":[{"id":76,"href":"https:\/\/blankablanarova.sk\/index.php\/wp-json\/wp\/v2\/pages\/10\/revisions\/76"}],"up":[{"embeddable":true,"href":"https:\/\/blankablanarova.sk\/index.php\/wp-json\/wp\/v2\/pages\/5"}],"wp:featuredmedia":[{"embeddable":true,"href":"https:\/\/blankablanarova.sk\/index.php\/wp-json\/wp\/v2\/media\/38"}],"wp:attachment":[{"href":"https:\/\/blankablanarova.sk\/index.php\/wp-json\/wp\/v2\/media?parent=10"}],"curies":[{"name":"wp","href":"https:\/\/api.w.org\/{rel}","templated":true}]}}